{"id":1151,"date":"2026-03-30T18:33:46","date_gmt":"2026-03-30T18:33:46","guid":{"rendered":"https:\/\/vaarikashooldus.ee\/?page_id=1151"},"modified":"2026-04-06T18:05:57","modified_gmt":"2026-04-06T18:05:57","slug":"basic-care-kodune-abi","status":"publish","type":"page","link":"https:\/\/vaarikashooldus.ee\/koduhooldus-koduhooldusteenus-koduhooldus-tallinn\/basic-care-kodune-abi\/","title":{"rendered":"BASIC CARE \/ Kodune abi"},"content":{"rendered":"\t\t<div data-elementor-type=\"wp-page\" data-elementor-id=\"1151\" class=\"elementor elementor-1151\">\n\t\t\t\t\t\t<section class=\"elementor-section elementor-top-section elementor-element elementor-element-613acb7 elementor-section-full_width elementor-section-stretched elementor-section-height-default elementor-section-height-default\" data-id=\"613acb7\" data-element_type=\"section\" data-e-type=\"section\" data-settings=\"{&quot;stretch_section&quot;:&quot;section-stretched&quot;}\">\n\t\t\t\t\t\t<div class=\"elementor-container elementor-column-gap-wider\">\n\t\t\t\t\t<div class=\"elementor-column elementor-col-100 elementor-top-column elementor-element elementor-element-da3d0bb\" data-id=\"da3d0bb\" data-element_type=\"column\" data-e-type=\"column\" data-settings=\"{&quot;background_background&quot;:&quot;classic&quot;}\">\n\t\t\t<div class=\"elementor-widget-wrap elementor-element-populated\">\n\t\t\t\t\t<div class=\"elementor-background-overlay\"><\/div>\n\t\t\t\t\t\t<section class=\"elementor-section elementor-inner-section elementor-element elementor-element-313c9c4 elementor-section-boxed elementor-section-height-default elementor-section-height-default\" data-id=\"313c9c4\" data-element_type=\"section\" data-e-type=\"section\">\n\t\t\t\t\t\t<div class=\"elementor-container elementor-column-gap-default\">\n\t\t\t\t\t<div class=\"elementor-column elementor-col-100 elementor-inner-column elementor-element elementor-element-3baee6d\" data-id=\"3baee6d\" data-element_type=\"column\" data-e-type=\"column\">\n\t\t\t<div class=\"elementor-widget-wrap elementor-element-populated\">\n\t\t\t\t\t\t<div class=\"elementor-element elementor-element-a0eeedc elementor-widget elementor-widget-menu-anchor\" data-id=\"a0eeedc\" data-element_type=\"widget\" data-e-type=\"widget\" data-widget_type=\"menu-anchor.default\">\n\t\t\t\t\t\t\t<div class=\"elementor-menu-anchor\" id=\"basic-care\"><\/div>\n\t\t\t\t\t\t<\/div>\n\t\t\t\t<div class=\"elementor-element elementor-element-d0d76c7 elementor-widget elementor-widget-heading\" data-id=\"d0d76c7\" data-element_type=\"widget\" data-e-type=\"widget\" data-widget_type=\"heading.default\">\n\t\t\t\t\t<h1 class=\"elementor-heading-title elementor-size-default\">Vali endale sobiv pakett<\/h1>\t\t\t\t<\/div>\n\t\t\t\t\t<\/div>\n\t\t<\/div>\n\t\t\t\t\t<\/div>\n\t\t<\/section>\n\t\t\t\t<section class=\"elementor-section elementor-inner-section elementor-element elementor-element-7e7d0a6 elementor-section-boxed elementor-section-height-default elementor-section-height-default\" data-id=\"7e7d0a6\" data-element_type=\"section\" data-e-type=\"section\">\n\t\t\t\t\t\t<div class=\"elementor-container elementor-column-gap-default\">\n\t\t\t\t\t<div class=\"elementor-column elementor-col-100 elementor-inner-column elementor-element elementor-element-daf67af\" data-id=\"daf67af\" data-element_type=\"column\" data-e-type=\"column\" data-settings=\"{&quot;background_background&quot;:&quot;classic&quot;}\">\n\t\t\t<div class=\"elementor-widget-wrap elementor-element-populated\">\n\t\t\t\t\t\t<div class=\"elementor-element elementor-element-9731098 elementor-widget elementor-widget-shortcode\" data-id=\"9731098\" data-element_type=\"widget\" data-e-type=\"widget\" data-widget_type=\"shortcode.default\">\n\t\t\t\t\t\t\t<div class=\"elementor-shortcode\">\n<div class=\"wpcf7 no-js\" id=\"wpcf7-f1150-o1\" lang=\"en-US\" dir=\"ltr\" data-wpcf7-id=\"1150\">\n<div class=\"screen-reader-response\"><p role=\"status\" aria-live=\"polite\" aria-atomic=\"true\"><\/p> <ul><\/ul><\/div>\n<form action=\"\/koduhooldus-koduhooldusteenus-koduhooldus-tallinn\/wp-json\/wp\/v2\/pages\/1151#wpcf7-f1150-o1\" method=\"post\" class=\"wpcf7-form init\" aria-label=\"Contact form\" novalidate=\"novalidate\" data-status=\"init\">\n<fieldset class=\"hidden-fields-container\"><input type=\"hidden\" name=\"_wpcf7\" value=\"1150\" \/><input type=\"hidden\" name=\"_wpcf7_version\" value=\"6.1.5\" \/><input type=\"hidden\" name=\"_wpcf7_locale\" value=\"en_US\" \/><input type=\"hidden\" name=\"_wpcf7_unit_tag\" value=\"wpcf7-f1150-o1\" \/><input type=\"hidden\" name=\"_wpcf7_container_post\" value=\"0\" \/><input type=\"hidden\" name=\"_wpcf7_posted_data_hash\" value=\"\" \/>\n<\/fieldset>\n<p><span class=\"wpcf7-form-control-wrap\" data-name=\"vali-pakett\"><span class=\"wpcf7-form-control wpcf7-checkbox wpcf7-validates-as-required wpcf7-exclusive-checkbox\"><span class=\"wpcf7-list-item first last\"><label><input type=\"checkbox\" name=\"vali-pakett\" value=\"BASIC CARE \/ Kodune abi\" \/><span class=\"wpcf7-list-item-label\">BASIC CARE \/ Kodune abi<\/span><\/label><\/span><\/span><\/span>\n<\/p>\n<div class=\"column one\">\n\t<p><span class=\"wpcf7-form-control-wrap\" data-name=\"your-name\"><input size=\"40\" maxlength=\"400\" class=\"wpcf7-form-control wpcf7-text\" aria-invalid=\"false\" placeholder=\"Nimi*\" value=\"\" type=\"text\" name=\"your-name\" \/><\/span>\n\t<\/p>\n<\/div>\n<div class=\"column one\">\n\t<p><span class=\"wpcf7-form-control-wrap\" data-name=\"your-phone\"><input size=\"40\" maxlength=\"400\" class=\"wpcf7-form-control wpcf7-tel wpcf7-validates-as-required wpcf7-text wpcf7-validates-as-tel\" aria-required=\"true\" aria-invalid=\"false\" placeholder=\"Phone*\" value=\"\" type=\"tel\" name=\"your-phone\" \/><\/span>\n\t<\/p>\n<\/div>\n<div class=\"column one\">\n\t<p><span class=\"wpcf7-form-control-wrap\" data-name=\"your-email\"><input size=\"40\" maxlength=\"400\" class=\"wpcf7-form-control wpcf7-email wpcf7-validates-as-required wpcf7-text wpcf7-validates-as-email\" aria-required=\"true\" aria-invalid=\"false\" placeholder=\"E-post*\" value=\"\" type=\"email\" name=\"your-email\" \/><\/span>\n\t<\/p>\n<\/div>\n<div class=\"column one\">\n\t<p><span class=\"wpcf7-form-control-wrap\" data-name=\"your-message\"><textarea cols=\"40\" rows=\"1\" maxlength=\"2000\" class=\"wpcf7-form-control wpcf7-textarea\" aria-invalid=\"false\" placeholder=\"S\u00f5num*\" name=\"your-message\"><\/textarea><\/span>\n\t<\/p>\n<\/div>\n<div class=\"column one\">\n\t<p><span class=\"wpcf7-form-control-wrap\" data-name=\"Acceptance\"><span class=\"wpcf7-form-control wpcf7-acceptance\"><span class=\"wpcf7-list-item\"><label><input type=\"checkbox\" name=\"Acceptance\" value=\"1\" aria-invalid=\"false\" \/><span class=\"wpcf7-list-item-label\"><span style=\"font-weight: 400;\">Annan n\u00f5usoleku andmete t\u00f6\u00f6tlemiseks telefoni teel \u00fchenduse v\u00f5tmiseks. *<\/span><\/span><\/label><\/span><\/span><\/span>\n\t<\/p>\n<\/div>\n<div class=\"column one\">\n\t<p><input class=\"wpcf7-form-control wpcf7-submit has-spinner\" type=\"submit\" value=\"Saada\" \/>\n\t<\/p>\n<\/div><div class=\"wpcf7-response-output\" aria-hidden=\"true\"><\/div>\n<\/form>\n<\/div>\n<\/div>\n\t\t\t\t\t\t<\/div>\n\t\t\t\t\t<\/div>\n\t\t<\/div>\n\t\t\t\t\t<\/div>\n\t\t<\/section>\n\t\t\t\t\t<\/div>\n\t\t<\/div>\n\t\t\t\t\t<\/div>\n\t\t<\/section>\n\t\t\t\t<section class=\"elementor-section elementor-top-section elementor-element elementor-element-e6ccdad elementor-section-full_width elementor-section-stretched elementor-section-height-default elementor-section-height-default\" data-id=\"e6ccdad\" data-element_type=\"section\" data-e-type=\"section\" id=\"map\" data-settings=\"{&quot;stretch_section&quot;:&quot;section-stretched&quot;}\">\n\t\t\t\t\t\t<div class=\"elementor-container elementor-column-gap-wider\">\n\t\t\t\t\t<div class=\"elementor-column elementor-col-100 elementor-top-column elementor-element elementor-element-c36ec06\" data-id=\"c36ec06\" data-element_type=\"column\" data-e-type=\"column\">\n\t\t\t<div class=\"elementor-widget-wrap elementor-element-populated\">\n\t\t\t\t\t\t<div class=\"elementor-element elementor-element-407905c elementor-widget elementor-widget-google_maps\" data-id=\"407905c\" data-element_type=\"widget\" data-e-type=\"widget\" data-widget_type=\"google_maps.default\">\n\t\t\t\t\t\t\t<div class=\"elementor-custom-embed\">\n\t\t\t<iframe loading=\"lazy\"\n\t\t\t\t\tsrc=\"https:\/\/maps.google.com\/maps?q=Tallinn%2C%20Estonia&#038;t=m&#038;z=13&#038;output=embed&#038;iwloc=near\"\n\t\t\t\t\ttitle=\"Tallinn, Estonia\"\n\t\t\t\t\taria-label=\"Tallinn, Estonia\"\n\t\t\t><\/iframe>\n\t\t<\/div>\n\t\t\t\t\t\t<\/div>\n\t\t\t\t\t<\/div>\n\t\t<\/div>\n\t\t\t\t\t<\/div>\n\t\t<\/section>\n\t\t\t\t<\/div>\n\t\t","protected":false},"excerpt":{"rendered":"<p>Vali endale sobiv pakett<\/p>\n","protected":false},"author":1,"featured_media":0,"parent":0,"menu_order":0,"comment_status":"open","ping_status":"closed","template":"","meta":{"footnotes":""},"class_list":["post-1151","page","type-page","status-publish","hentry"],"yoast_head":"<!-- This site is optimized with the Yoast SEO plugin v27.4 - https:\/\/yoast.com\/product\/yoast-seo-wordpress\/ -->\n<title>BASIC CARE \/ Kodune abi | V\u00e4\u00e4rikas Hooldus<\/title>\n<meta name=\"description\" content=\"BASIC CARE Kodune abi. Sobib klientidele, kes vajavad abi igap\u00e4evastes kodustes toimingutes.\" \/>\n<meta name=\"robots\" content=\"index, follow, max-snippet:-1, max-image-preview:large, max-video-preview:-1\" \/>\n<link rel=\"canonical\" href=\"https:\/\/vaarikashooldus.ee\/koduhooldus-koduhooldusteenus-koduhooldus-tallinn\/basic-care-kodune-abi\/\" \/>\n<meta property=\"og:locale\" content=\"et_EE\" \/>\n<meta property=\"og:type\" content=\"article\" \/>\n<meta property=\"og:title\" content=\"BASIC CARE \/ Kodune abi | V\u00e4\u00e4rikas Hooldus\" \/>\n<meta property=\"og:description\" content=\"BASIC CARE Kodune abi. Sobib klientidele, kes vajavad abi igap\u00e4evastes kodustes toimingutes.\" \/>\n<meta property=\"og:url\" content=\"https:\/\/vaarikashooldus.ee\/koduhooldus-koduhooldusteenus-koduhooldus-tallinn\/basic-care-kodune-abi\/\" \/>\n<meta property=\"og:site_name\" content=\"V\u00e4\u00e4rikas Hooldus\" \/>\n<meta property=\"article:publisher\" content=\"https:\/\/www.facebook.com\/profile.php?id=61572165205448\" \/>\n<meta property=\"article:modified_time\" content=\"2026-04-06T18:05:57+00:00\" \/>\n<meta name=\"twitter:card\" content=\"summary_large_image\" \/>\n<meta name=\"twitter:label1\" content=\"Est. reading time\" \/>\n\t<meta name=\"twitter:data1\" content=\"1 minut\" \/>\n<script type=\"application\/ld+json\" class=\"yoast-schema-graph\">{\"@context\":\"https:\\\/\\\/schema.org\",\"@graph\":[{\"@type\":\"WebPage\",\"@id\":\"https:\\\/\\\/vaarikashooldus.ee\\\/koduhooldus-koduhooldusteenus-koduhooldus-tallinn\\\/basic-care-kodune-abi\\\/\",\"url\":\"https:\\\/\\\/vaarikashooldus.ee\\\/koduhooldus-koduhooldusteenus-koduhooldus-tallinn\\\/basic-care-kodune-abi\\\/\",\"name\":\"BASIC CARE \\\/ Kodune abi | V\u00e4\u00e4rikas Hooldus\",\"isPartOf\":{\"@id\":\"https:\\\/\\\/vaarikashooldus.ee\\\/koduhooldus-koduhooldusteenus-koduhooldus-tallinn\\\/#website\"},\"datePublished\":\"2026-03-30T18:33:46+00:00\",\"dateModified\":\"2026-04-06T18:05:57+00:00\",\"description\":\"BASIC CARE Kodune abi. Sobib klientidele, kes vajavad abi igap\u00e4evastes kodustes toimingutes.\",\"breadcrumb\":{\"@id\":\"https:\\\/\\\/vaarikashooldus.ee\\\/koduhooldus-koduhooldusteenus-koduhooldus-tallinn\\\/basic-care-kodune-abi\\\/#breadcrumb\"},\"inLanguage\":\"et\",\"potentialAction\":[{\"@type\":\"ReadAction\",\"target\":[\"https:\\\/\\\/vaarikashooldus.ee\\\/koduhooldus-koduhooldusteenus-koduhooldus-tallinn\\\/basic-care-kodune-abi\\\/\"]}]},{\"@type\":\"BreadcrumbList\",\"@id\":\"https:\\\/\\\/vaarikashooldus.ee\\\/koduhooldus-koduhooldusteenus-koduhooldus-tallinn\\\/basic-care-kodune-abi\\\/#breadcrumb\",\"itemListElement\":[{\"@type\":\"ListItem\",\"position\":1,\"name\":\"\u0413\u043b\u0430\u0432\u043d\u0430\u044f \u0441\u0442\u0440\u0430\u043d\u0438\u0446\u0430\",\"item\":\"https:\\\/\\\/vaarikashooldus.ee\\\/koduhooldus-koduhooldusteenus-koduhooldus-tallinn\\\/\"},{\"@type\":\"ListItem\",\"position\":2,\"name\":\"BASIC CARE \\\/ Kodune abi\"}]},{\"@type\":\"WebSite\",\"@id\":\"https:\\\/\\\/vaarikashooldus.ee\\\/koduhooldus-koduhooldusteenus-koduhooldus-tallinn\\\/#website\",\"url\":\"https:\\\/\\\/vaarikashooldus.ee\\\/koduhooldus-koduhooldusteenus-koduhooldus-tallinn\\\/\",\"name\":\"vaarikashooldus\",\"description\":\"Pakume k\u00f5rgetasemelist koduhooldusteenust eakatele ja erivajadustega inimestele, kes vajavad igap\u00e4evaelus tuge ja hoolt Tallinnas.\",\"publisher\":{\"@id\":\"https:\\\/\\\/vaarikashooldus.ee\\\/koduhooldus-koduhooldusteenus-koduhooldus-tallinn\\\/#organization\"},\"potentialAction\":[{\"@type\":\"SearchAction\",\"target\":{\"@type\":\"EntryPoint\",\"urlTemplate\":\"https:\\\/\\\/vaarikashooldus.ee\\\/koduhooldus-koduhooldusteenus-koduhooldus-tallinn\\\/?s={search_term_string}\"},\"query-input\":{\"@type\":\"PropertyValueSpecification\",\"valueRequired\":true,\"valueName\":\"search_term_string\"}}],\"inLanguage\":\"et\"},{\"@type\":\"Organization\",\"@id\":\"https:\\\/\\\/vaarikashooldus.ee\\\/koduhooldus-koduhooldusteenus-koduhooldus-tallinn\\\/#organization\",\"name\":\"Vaarikashooldus\",\"url\":\"https:\\\/\\\/vaarikashooldus.ee\\\/koduhooldus-koduhooldusteenus-koduhooldus-tallinn\\\/\",\"logo\":{\"@type\":\"ImageObject\",\"inLanguage\":\"et\",\"@id\":\"https:\\\/\\\/vaarikashooldus.ee\\\/koduhooldus-koduhooldusteenus-koduhooldus-tallinn\\\/#\\\/schema\\\/logo\\\/image\\\/\",\"url\":\"https:\\\/\\\/vaarikashooldus.ee\\\/wp-content\\\/uploads\\\/2026\\\/04\\\/vaarikashooldus-uus-avaleht.png\",\"contentUrl\":\"https:\\\/\\\/vaarikashooldus.ee\\\/wp-content\\\/uploads\\\/2026\\\/04\\\/vaarikashooldus-uus-avaleht.png\",\"width\":2334,\"height\":1021,\"caption\":\"Vaarikashooldus\"},\"image\":{\"@id\":\"https:\\\/\\\/vaarikashooldus.ee\\\/koduhooldus-koduhooldusteenus-koduhooldus-tallinn\\\/#\\\/schema\\\/logo\\\/image\\\/\"},\"sameAs\":[\"https:\\\/\\\/www.facebook.com\\\/profile.php?id=61572165205448\"]}]}<\/script>\n<!-- \/ Yoast SEO plugin. -->","yoast_head_json":{"title":"BASIC CARE \/ Kodune abi | V\u00e4\u00e4rikas Hooldus","description":"BASIC CARE Kodune abi. Sobib klientidele, kes vajavad abi igap\u00e4evastes kodustes toimingutes.","robots":{"index":"index","follow":"follow","max-snippet":"max-snippet:-1","max-image-preview":"max-image-preview:large","max-video-preview":"max-video-preview:-1"},"canonical":"https:\/\/vaarikashooldus.ee\/koduhooldus-koduhooldusteenus-koduhooldus-tallinn\/basic-care-kodune-abi\/","og_locale":"et_EE","og_type":"article","og_title":"BASIC CARE \/ Kodune abi | V\u00e4\u00e4rikas Hooldus","og_description":"BASIC CARE Kodune abi. Sobib klientidele, kes vajavad abi igap\u00e4evastes kodustes toimingutes.","og_url":"https:\/\/vaarikashooldus.ee\/koduhooldus-koduhooldusteenus-koduhooldus-tallinn\/basic-care-kodune-abi\/","og_site_name":"V\u00e4\u00e4rikas Hooldus","article_publisher":"https:\/\/www.facebook.com\/profile.php?id=61572165205448","article_modified_time":"2026-04-06T18:05:57+00:00","twitter_card":"summary_large_image","twitter_misc":{"Est. reading time":"1 minut"},"schema":{"@context":"https:\/\/schema.org","@graph":[{"@type":"WebPage","@id":"https:\/\/vaarikashooldus.ee\/koduhooldus-koduhooldusteenus-koduhooldus-tallinn\/basic-care-kodune-abi\/","url":"https:\/\/vaarikashooldus.ee\/koduhooldus-koduhooldusteenus-koduhooldus-tallinn\/basic-care-kodune-abi\/","name":"BASIC CARE \/ Kodune abi | V\u00e4\u00e4rikas Hooldus","isPartOf":{"@id":"https:\/\/vaarikashooldus.ee\/koduhooldus-koduhooldusteenus-koduhooldus-tallinn\/#website"},"datePublished":"2026-03-30T18:33:46+00:00","dateModified":"2026-04-06T18:05:57+00:00","description":"BASIC CARE Kodune abi. Sobib klientidele, kes vajavad abi igap\u00e4evastes kodustes toimingutes.","breadcrumb":{"@id":"https:\/\/vaarikashooldus.ee\/koduhooldus-koduhooldusteenus-koduhooldus-tallinn\/basic-care-kodune-abi\/#breadcrumb"},"inLanguage":"et","potentialAction":[{"@type":"ReadAction","target":["https:\/\/vaarikashooldus.ee\/koduhooldus-koduhooldusteenus-koduhooldus-tallinn\/basic-care-kodune-abi\/"]}]},{"@type":"BreadcrumbList","@id":"https:\/\/vaarikashooldus.ee\/koduhooldus-koduhooldusteenus-koduhooldus-tallinn\/basic-care-kodune-abi\/#breadcrumb","itemListElement":[{"@type":"ListItem","position":1,"name":"\u0413\u043b\u0430\u0432\u043d\u0430\u044f \u0441\u0442\u0440\u0430\u043d\u0438\u0446\u0430","item":"https:\/\/vaarikashooldus.ee\/koduhooldus-koduhooldusteenus-koduhooldus-tallinn\/"},{"@type":"ListItem","position":2,"name":"BASIC CARE \/ Kodune abi"}]},{"@type":"WebSite","@id":"https:\/\/vaarikashooldus.ee\/koduhooldus-koduhooldusteenus-koduhooldus-tallinn\/#website","url":"https:\/\/vaarikashooldus.ee\/koduhooldus-koduhooldusteenus-koduhooldus-tallinn\/","name":"vaarikashooldus","description":"Pakume k\u00f5rgetasemelist koduhooldusteenust eakatele ja erivajadustega inimestele, kes vajavad igap\u00e4evaelus tuge ja hoolt Tallinnas.","publisher":{"@id":"https:\/\/vaarikashooldus.ee\/koduhooldus-koduhooldusteenus-koduhooldus-tallinn\/#organization"},"potentialAction":[{"@type":"SearchAction","target":{"@type":"EntryPoint","urlTemplate":"https:\/\/vaarikashooldus.ee\/koduhooldus-koduhooldusteenus-koduhooldus-tallinn\/?s={search_term_string}"},"query-input":{"@type":"PropertyValueSpecification","valueRequired":true,"valueName":"search_term_string"}}],"inLanguage":"et"},{"@type":"Organization","@id":"https:\/\/vaarikashooldus.ee\/koduhooldus-koduhooldusteenus-koduhooldus-tallinn\/#organization","name":"Vaarikashooldus","url":"https:\/\/vaarikashooldus.ee\/koduhooldus-koduhooldusteenus-koduhooldus-tallinn\/","logo":{"@type":"ImageObject","inLanguage":"et","@id":"https:\/\/vaarikashooldus.ee\/koduhooldus-koduhooldusteenus-koduhooldus-tallinn\/#\/schema\/logo\/image\/","url":"https:\/\/vaarikashooldus.ee\/wp-content\/uploads\/2026\/04\/vaarikashooldus-uus-avaleht.png","contentUrl":"https:\/\/vaarikashooldus.ee\/wp-content\/uploads\/2026\/04\/vaarikashooldus-uus-avaleht.png","width":2334,"height":1021,"caption":"Vaarikashooldus"},"image":{"@id":"https:\/\/vaarikashooldus.ee\/koduhooldus-koduhooldusteenus-koduhooldus-tallinn\/#\/schema\/logo\/image\/"},"sameAs":["https:\/\/www.facebook.com\/profile.php?id=61572165205448"]}]}},"_links":{"self":[{"href":"https:\/\/vaarikashooldus.ee\/koduhooldus-koduhooldusteenus-koduhooldus-tallinn\/wp-json\/wp\/v2\/pages\/1151","targetHints":{"allow":["GET"]}}],"collection":[{"href":"https:\/\/vaarikashooldus.ee\/koduhooldus-koduhooldusteenus-koduhooldus-tallinn\/wp-json\/wp\/v2\/pages"}],"about":[{"href":"https:\/\/vaarikashooldus.ee\/koduhooldus-koduhooldusteenus-koduhooldus-tallinn\/wp-json\/wp\/v2\/types\/page"}],"author":[{"embeddable":true,"href":"https:\/\/vaarikashooldus.ee\/koduhooldus-koduhooldusteenus-koduhooldus-tallinn\/wp-json\/wp\/v2\/users\/1"}],"replies":[{"embeddable":true,"href":"https:\/\/vaarikashooldus.ee\/koduhooldus-koduhooldusteenus-koduhooldus-tallinn\/wp-json\/wp\/v2\/comments?post=1151"}],"version-history":[{"count":34,"href":"https:\/\/vaarikashooldus.ee\/koduhooldus-koduhooldusteenus-koduhooldus-tallinn\/wp-json\/wp\/v2\/pages\/1151\/revisions"}],"predecessor-version":[{"id":1741,"href":"https:\/\/vaarikashooldus.ee\/koduhooldus-koduhooldusteenus-koduhooldus-tallinn\/wp-json\/wp\/v2\/pages\/1151\/revisions\/1741"}],"wp:attachment":[{"href":"https:\/\/vaarikashooldus.ee\/koduhooldus-koduhooldusteenus-koduhooldus-tallinn\/wp-json\/wp\/v2\/media?parent=1151"}],"curies":[{"name":"wp","href":"https:\/\/api.w.org\/{rel}","templated":true}]}}